{"id":4837,"date":"2021-09-01T12:09:47","date_gmt":"2021-09-01T10:09:47","guid":{"rendered":"https:\/\/menschlichfuehren.com\/impressum\/"},"modified":"2025-04-03T11:29:31","modified_gmt":"2025-04-03T09:29:31","slug":"impressum","status":"publish","type":"page","link":"https:\/\/menschlichfuehren.com\/de\/impressum\/","title":{"rendered":"Impressum"},"content":{"rendered":"\t\t<div data-elementor-type=\"wp-page\" data-elementor-id=\"4837\" class=\"elementor elementor-4837 elementor-113\" data-elementor-settings=\"{&quot;ha_cmc_init_switcher&quot;:&quot;no&quot;}\" data-elementor-post-type=\"page\">\n\t\t\t\t\t\t<section class=\"elementor-section elementor-top-section elementor-element elementor-element-e79d1b9 elementor-section-boxed elementor-section-height-default elementor-section-height-default\" data-id=\"e79d1b9\" data-element_type=\"section\" data-e-type=\"section\" data-settings=\"{&quot;_ha_eqh_enable&quot;:false}\">\n\t\t\t\t\t\t<div class=\"elementor-container elementor-column-gap-default\">\n\t\t\t\t\t<div class=\"elementor-column elementor-col-100 elementor-top-column elementor-element elementor-element-ea9c8be\" data-id=\"ea9c8be\" data-element_type=\"column\" data-e-type=\"column\">\n\t\t\t<div class=\"elementor-widget-wrap elementor-element-populated\">\n\t\t\t\t\t\t<div class=\"elementor-element elementor-element-4fa84c0 elementor-widget elementor-widget-spacer\" data-id=\"4fa84c0\" data-element_type=\"widget\" data-e-type=\"widget\" data-widget_type=\"spacer.default\">\n\t\t\t\t<div class=\"elementor-widget-container\">\n\t\t\t\t\t\t\t<div class=\"elementor-spacer\">\n\t\t\t<div class=\"elementor-spacer-inner\"><\/div>\n\t\t<\/div>\n\t\t\t\t\t\t<\/div>\n\t\t\t\t<\/div>\n\t\t\t\t<div class=\"elementor-element elementor-element-b254669 elementor-widget elementor-widget-text-editor\" data-id=\"b254669\" data-element_type=\"widget\" data-e-type=\"widget\" data-widget_type=\"text-editor.default\">\n\t\t\t\t<div class=\"elementor-widget-container\">\n\t\t\t\t\t\t\t\t\t<p><strong>Angaben gem\u00e4\u00df \u00a7 5 TMG:<\/strong><\/p><p><strong>Peter Schmidt<\/strong><\/p><p>Hoppenkamp 4<br>51519 Odenthal<\/p><p>Mobil: 0170 779 54 64<br><a href=\"mailto:ps@menschlichfuehren.com\">ps@menschlichfuehren.com<\/a><br><a href=\"https:\/\/menschlichfuehren.com\/de\/\" target=\"_blank\" rel=\"noopener\">menschlichfuehren.com<\/a><\/p><p><strong>Konzeption und Text<\/strong><br>Kristina Schmidt<\/p><p><strong>Gestaltung:<\/strong><br><a href=\"https:\/\/motho-design.com\/\" target=\"_blank\" rel=\"noopener\">motho-design, K\u00f6ln<\/a><\/p><p><strong>Fotos:<\/strong><br><a href=\"https:\/\/www.tomasrodriguez.de\/\" target=\"_blank\" rel=\"noopener\">Tomas Rodriguez<\/a><\/p>\t\t\t\t\t\t\t\t<\/div>\n\t\t\t\t<\/div>\n\t\t\t\t<div class=\"elementor-element elementor-element-754d4d5 elementor-widget elementor-widget-text-editor\" data-id=\"754d4d5\" data-element_type=\"widget\" data-e-type=\"widget\" data-widget_type=\"text-editor.default\">\n\t\t\t\t<div class=\"elementor-widget-container\">\n\t\t\t\t\t\t\t\t\t<h3>Haftungsausschluss<\/h3><p> <\/p><p><strong>Haftung f\u00fcr Inhalte<\/strong><br>Die Inhalte dieser Seiten wurden mit gr\u00f6\u00dfter Sorgfalt erstellt. F\u00fcr die Richtigkeit, Vollst\u00e4ndigkeit und Aktualit\u00e4t der Inhalte kann ich jedoch keine Gew\u00e4hr \u00fcbernehmen. Als Diensteanbieter bin ich gem\u00e4\u00df \u00a7 7 Abs.1 TMG f\u00fcr eigene Inhalte auf diesen Seiten nach den allgemeinen Gesetzen verantwortlich. Nach \u00a7\u00a7 8 bis 10 TMG bin ich als Diensteanbieter jedoch nicht verpflichtet, \u00fcbermittelte oder gespeicherte fremde Informationen zu \u00fcberwachen oder nach Umst\u00e4nden zu forschen, die auf eine rechtswidrige T\u00e4tigkeit hinweisen. Verpflichtungen zur Entfernung oder Sperrung der Nutzung von Informationen nach den allgemeinen Gesetzen bleiben hiervon unber\u00fchrt. Eine diesbez\u00fcgliche Haftung ist jedoch erst ab dem Zeitpunkt der Kenntnis einer konkreten Rechtsverletzung m\u00f6glich. Bei Bekanntwerden von entsprechenden Rechtsverletzungen werde ich diese Inhalte umgehend entfernen.       <\/p><p><strong>Haftung f\u00fcr Links<\/strong><br>Mein Angebot enth\u00e4lt Links zu externen Webseiten Dritter, auf deren Inhalte ich keinen Einfluss habe. Deshalb kann ich f\u00fcr diese fremden Inhalte auch keine Gew\u00e4hr \u00fcbernehmen. F\u00fcr die Inhalte der verlinkten Seiten ist stets der jeweilige Anbieter oder Betreiber der Seiten verantwortlich. Die verlinkten Seiten wurden zum Zeitpunkt der Verlinkung auf m\u00f6gliche Rechtsverst\u00f6\u00dfe \u00fcberpr\u00fcft. Rechtswidrige Inhalte waren zum Zeitpunkt der Verlinkung nicht erkennbar. Eine permanente inhaltliche Kontrolle der verlinkten Seiten ist jedoch ohne konkrete Anhaltspunkte einer Rechtsverletzung nicht zumutbar. Bei Bekanntwerden von Rechtsverletzungen werde ich derartige Links umgehend entfernen.      <\/p><p><strong>Urheberrecht<\/strong><br>Die durch den Seitenbetreiber erstellten Inhalte und Werke auf diesen Seiten unterliegen dem deutschen Urheberrecht. Die Vervielf\u00e4ltigung, Bearbeitung, Verbreitung und jede Art der Verwertung au\u00dferhalb der Grenzen des Urheberrechtes bed\u00fcrfen der schriftlichen Zustimmung des jeweiligen Autors bzw. Erstellers. Downloads und Kopien dieser Seite sind nur f\u00fcr den privaten, nicht kommerziellen Gebrauch gestattet. Soweit die Inhalte auf dieser Seite nicht vom Betreiber erstellt wurden, werden die Urheberrechte Dritter beachtet. Insbesondere werden Inhalte Dritter als solche gekennzeichnet. Sollten Sie trotzdem auf eine Urheberrechtsverletzung aufmerksam werden, bitte ich um einen entsprechenden Hinweis. Bei Bekanntwerden von Rechtsverletzungen werde ich derartige Inhalte umgehend entfernen.       <\/p><p><a href=\"https:\/\/menschlichfuehren.com\/de\/datenschutz\/\"><strong>Datenschutzerkl\u00e4rung  <\/strong><\/a><\/p>\t\t\t\t\t\t\t\t<\/div>\n\t\t\t\t<\/div>\n\t\t\t\t\t<\/div>\n\t\t<\/div>\n\t\t\t\t\t<\/div>\n\t\t<\/section>\n\t\t\t\t<\/div>\n\t\t","protected":false},"excerpt":{"rendered":"<p>Angaben gem\u00e4\u00df \u00a7 5 TMG: Peter Schmidt Hoppenkamp 451519 Odenthal Mobil: 0170 779 54 64ps@menschlichfuehren.commenschlichfuehren.com Konzeption und TextKristina Schmidt Gestaltung:motho-design, K\u00f6ln Fotos:Tomas Rodriguez Haftungsausschluss Haftung f\u00fcr InhalteDie Inhalte dieser Seiten wurden mit gr\u00f6\u00dfter Sorgfalt erstellt. F\u00fcr die Richtigkeit, Vollst\u00e4ndigkeit und Aktualit\u00e4t der Inhalte kann ich jedoch keine Gew\u00e4hr \u00fcbernehmen. Als Diensteanbieter bin ich gem\u00e4\u00df \u00a7 [&hellip;]<\/p>\n","protected":false},"author":3,"featured_media":0,"parent":0,"menu_order":99,"comment_status":"closed","ping_status":"closed","template":"","meta":{"site-sidebar-layout":"no-sidebar","site-content-layout":"page-builder","ast-site-content-layout":"default","site-content-style":"default","site-sidebar-style":"default","ast-global-header-display":"","ast-banner-title-visibility":"","ast-main-header-display":"","ast-hfb-above-header-display":"","ast-hfb-below-header-display":"","ast-hfb-mobile-header-display":"","site-post-title":"disabled","ast-breadcrumbs-content":"disabled","ast-featured-img":"disabled","footer-sml-layout":"","theme-transparent-header-meta":"default","adv-header-id-meta":"","stick-header-meta":"default","header-above-stick-meta":"","header-main-stick-meta":"","header-below-stick-meta":"","astra-migrate-meta-layouts":"default","ast-page-background-enabled":"default","ast-page-background-meta":{"desktop":{"background-color":"var(--ast-global-color-4)","background-image":"","background-repeat":"repeat","background-position":"center center","background-size":"auto","background-attachment":"scroll","background-type":"","background-media":"","overlay-type":"","overlay-color":"","overlay-opacity":"","overlay-gradient":""},"tablet":{"background-color":"","background-image":"","background-repeat":"repeat","background-position":"center center","background-size":"auto","background-attachment":"scroll","background-type":"","background-media":"","overlay-type":"","overlay-color":"","overlay-opacity":"","overlay-gradient":""},"mobile":{"background-color":"","background-image":"","background-repeat":"repeat","background-position":"center center","background-size":"auto","background-attachment":"scroll","background-type":"","background-media":"","overlay-type":"","overlay-color":"","overlay-opacity":"","overlay-gradient":""}},"ast-content-background-meta":{"desktop":{"background-color":"var(--ast-global-color-5)","background-image":"","background-repeat":"repeat","background-position":"center center","background-size":"auto","background-attachment":"scroll","background-type":"","background-media":"","overlay-type":"","overlay-color":"","overlay-opacity":"","overlay-gradient":""},"tablet":{"background-color":"var(--ast-global-color-5)","background-image":"","background-repeat":"repeat","background-position":"center center","background-size":"auto","background-attachment":"scroll","background-type":"","background-media":"","overlay-type":"","overlay-color":"","overlay-opacity":"","overlay-gradient":""},"mobile":{"background-color":"var(--ast-global-color-5)","background-image":"","background-repeat":"repeat","background-position":"center center","background-size":"auto","background-attachment":"scroll","background-type":"","background-media":"","overlay-type":"","overlay-color":"","overlay-opacity":"","overlay-gradient":""}},"footnotes":""},"class_list":["post-4837","page","type-page","status-publish","hentry"],"yoast_head":"<!-- This site is optimized with the Yoast SEO plugin v27.5 - https:\/\/yoast.com\/product\/yoast-seo-wordpress\/ -->\n<title>Impressum | Peter Schmidt<\/title>\n<meta name=\"robots\" content=\"index, follow, max-snippet:-1, max-image-preview:large, max-video-preview:-1\" \/>\n<link rel=\"canonical\" href=\"https:\/\/menschlichfuehren.com\/de\/impressum\/\" \/>\n<meta property=\"og:locale\" content=\"de_DE\" \/>\n<meta property=\"og:type\" content=\"article\" \/>\n<meta property=\"og:title\" content=\"Impressum | Peter Schmidt\" \/>\n<meta property=\"og:description\" content=\"Angaben gem\u00e4\u00df \u00a7 5 TMG: Peter Schmidt Hoppenkamp 451519 Odenthal Mobil: 0170 779 54 64ps@menschlichfuehren.commenschlichfuehren.com Konzeption und TextKristina Schmidt Gestaltung:motho-design, K\u00f6ln Fotos:Tomas Rodriguez Haftungsausschluss Haftung f\u00fcr InhalteDie Inhalte dieser Seiten wurden mit gr\u00f6\u00dfter Sorgfalt erstellt. F\u00fcr die Richtigkeit, Vollst\u00e4ndigkeit und Aktualit\u00e4t der Inhalte kann ich jedoch keine Gew\u00e4hr \u00fcbernehmen. Als Diensteanbieter bin ich gem\u00e4\u00df \u00a7 [&hellip;]\" \/>\n<meta property=\"og:url\" content=\"https:\/\/menschlichfuehren.com\/de\/impressum\/\" \/>\n<meta property=\"og:site_name\" content=\"Peter Schmidt\" \/>\n<meta property=\"article:modified_time\" content=\"2025-04-03T09:29:31+00:00\" \/>\n<meta property=\"og:image\" content=\"https:\/\/menschlichfuehren.com\/wp-content\/uploads\/2024\/10\/Peter-Schmidt-Coaching-Portrait-Peak-Innovation-Mind.jpg\" \/>\n\t<meta property=\"og:image:width\" content=\"600\" \/>\n\t<meta property=\"og:image:height\" content=\"400\" \/>\n\t<meta property=\"og:image:type\" content=\"image\/jpeg\" \/>\n<meta name=\"twitter:card\" content=\"summary_large_image\" \/>\n<meta name=\"twitter:label1\" content=\"Gesch\u00e4tzte Lesezeit\" \/>\n\t<meta name=\"twitter:data1\" content=\"2\u00a0Minuten\" \/>\n<script type=\"application\/ld+json\" class=\"yoast-schema-graph\">{\"@context\":\"https:\\\/\\\/schema.org\",\"@graph\":[{\"@type\":\"WebPage\",\"@id\":\"https:\\\/\\\/menschlichfuehren.com\\\/de\\\/impressum\\\/\",\"url\":\"https:\\\/\\\/menschlichfuehren.com\\\/de\\\/impressum\\\/\",\"name\":\"Impressum | Peter Schmidt\",\"isPartOf\":{\"@id\":\"https:\\\/\\\/menschlichfuehren.com\\\/de\\\/#website\"},\"datePublished\":\"2021-09-01T10:09:47+00:00\",\"dateModified\":\"2025-04-03T09:29:31+00:00\",\"breadcrumb\":{\"@id\":\"https:\\\/\\\/menschlichfuehren.com\\\/de\\\/impressum\\\/#breadcrumb\"},\"inLanguage\":\"de\",\"potentialAction\":[{\"@type\":\"ReadAction\",\"target\":[\"https:\\\/\\\/menschlichfuehren.com\\\/de\\\/impressum\\\/\"]}]},{\"@type\":\"BreadcrumbList\",\"@id\":\"https:\\\/\\\/menschlichfuehren.com\\\/de\\\/impressum\\\/#breadcrumb\",\"itemListElement\":[{\"@type\":\"ListItem\",\"position\":1,\"name\":\"Startseite\",\"item\":\"https:\\\/\\\/menschlichfuehren.com\\\/de\\\/startseite\\\/\"},{\"@type\":\"ListItem\",\"position\":2,\"name\":\"Impressum\"}]},{\"@type\":\"WebSite\",\"@id\":\"https:\\\/\\\/menschlichfuehren.com\\\/de\\\/#website\",\"url\":\"https:\\\/\\\/menschlichfuehren.com\\\/de\\\/\",\"name\":\"Peter Schmidt\",\"description\":\"F\u00fchren ist menschlich.\",\"publisher\":{\"@id\":\"https:\\\/\\\/menschlichfuehren.com\\\/de\\\/#\\\/schema\\\/person\\\/5a8e57bc1795aa0e035190b4a9fb5968\"},\"alternateName\":\"Sparring Partner & Leadership Coach for Changemakers\",\"potentialAction\":[{\"@type\":\"SearchAction\",\"target\":{\"@type\":\"EntryPoint\",\"urlTemplate\":\"https:\\\/\\\/menschlichfuehren.com\\\/de\\\/?s={search_term_string}\"},\"query-input\":{\"@type\":\"PropertyValueSpecification\",\"valueRequired\":true,\"valueName\":\"search_term_string\"}}],\"inLanguage\":\"de\"},{\"@type\":[\"Person\",\"Organization\"],\"@id\":\"https:\\\/\\\/menschlichfuehren.com\\\/de\\\/#\\\/schema\\\/person\\\/5a8e57bc1795aa0e035190b4a9fb5968\",\"name\":\"Peter Schmidt\",\"image\":{\"@type\":\"ImageObject\",\"inLanguage\":\"de\",\"@id\":\"https:\\\/\\\/menschlichfuehren.com\\\/wp-content\\\/uploads\\\/2021\\\/11\\\/Peter-schmidt-fuehren-ist-menschlich-portrait-profilfoto.jpg\",\"url\":\"https:\\\/\\\/menschlichfuehren.com\\\/wp-content\\\/uploads\\\/2021\\\/11\\\/Peter-schmidt-fuehren-ist-menschlich-portrait-profilfoto.jpg\",\"contentUrl\":\"https:\\\/\\\/menschlichfuehren.com\\\/wp-content\\\/uploads\\\/2021\\\/11\\\/Peter-schmidt-fuehren-ist-menschlich-portrait-profilfoto.jpg\",\"width\":1000,\"height\":1000,\"caption\":\"Peter Schmidt\"},\"logo\":{\"@id\":\"https:\\\/\\\/menschlichfuehren.com\\\/wp-content\\\/uploads\\\/2021\\\/11\\\/Peter-schmidt-fuehren-ist-menschlich-portrait-profilfoto.jpg\"},\"sameAs\":[\"PeterS\"]}]}<\/script>\n<!-- \/ Yoast SEO plugin. -->","yoast_head_json":{"title":"Impressum | Peter Schmidt","robots":{"index":"index","follow":"follow","max-snippet":"max-snippet:-1","max-image-preview":"max-image-preview:large","max-video-preview":"max-video-preview:-1"},"canonical":"https:\/\/menschlichfuehren.com\/de\/impressum\/","og_locale":"de_DE","og_type":"article","og_title":"Impressum | Peter Schmidt","og_description":"Angaben gem\u00e4\u00df \u00a7 5 TMG: Peter Schmidt Hoppenkamp 451519 Odenthal Mobil: 0170 779 54 64ps@menschlichfuehren.commenschlichfuehren.com Konzeption und TextKristina Schmidt Gestaltung:motho-design, K\u00f6ln Fotos:Tomas Rodriguez Haftungsausschluss Haftung f\u00fcr InhalteDie Inhalte dieser Seiten wurden mit gr\u00f6\u00dfter Sorgfalt erstellt. F\u00fcr die Richtigkeit, Vollst\u00e4ndigkeit und Aktualit\u00e4t der Inhalte kann ich jedoch keine Gew\u00e4hr \u00fcbernehmen. Als Diensteanbieter bin ich gem\u00e4\u00df \u00a7 [&hellip;]","og_url":"https:\/\/menschlichfuehren.com\/de\/impressum\/","og_site_name":"Peter Schmidt","article_modified_time":"2025-04-03T09:29:31+00:00","og_image":[{"width":600,"height":400,"url":"https:\/\/menschlichfuehren.com\/wp-content\/uploads\/2024\/10\/Peter-Schmidt-Coaching-Portrait-Peak-Innovation-Mind.jpg","type":"image\/jpeg"}],"twitter_card":"summary_large_image","twitter_misc":{"Gesch\u00e4tzte Lesezeit":"2\u00a0Minuten"},"schema":{"@context":"https:\/\/schema.org","@graph":[{"@type":"WebPage","@id":"https:\/\/menschlichfuehren.com\/de\/impressum\/","url":"https:\/\/menschlichfuehren.com\/de\/impressum\/","name":"Impressum | Peter Schmidt","isPartOf":{"@id":"https:\/\/menschlichfuehren.com\/de\/#website"},"datePublished":"2021-09-01T10:09:47+00:00","dateModified":"2025-04-03T09:29:31+00:00","breadcrumb":{"@id":"https:\/\/menschlichfuehren.com\/de\/impressum\/#breadcrumb"},"inLanguage":"de","potentialAction":[{"@type":"ReadAction","target":["https:\/\/menschlichfuehren.com\/de\/impressum\/"]}]},{"@type":"BreadcrumbList","@id":"https:\/\/menschlichfuehren.com\/de\/impressum\/#breadcrumb","itemListElement":[{"@type":"ListItem","position":1,"name":"Startseite","item":"https:\/\/menschlichfuehren.com\/de\/startseite\/"},{"@type":"ListItem","position":2,"name":"Impressum"}]},{"@type":"WebSite","@id":"https:\/\/menschlichfuehren.com\/de\/#website","url":"https:\/\/menschlichfuehren.com\/de\/","name":"Peter Schmidt","description":"F\u00fchren ist menschlich.","publisher":{"@id":"https:\/\/menschlichfuehren.com\/de\/#\/schema\/person\/5a8e57bc1795aa0e035190b4a9fb5968"},"alternateName":"Sparring Partner & Leadership Coach for Changemakers","potentialAction":[{"@type":"SearchAction","target":{"@type":"EntryPoint","urlTemplate":"https:\/\/menschlichfuehren.com\/de\/?s={search_term_string}"},"query-input":{"@type":"PropertyValueSpecification","valueRequired":true,"valueName":"search_term_string"}}],"inLanguage":"de"},{"@type":["Person","Organization"],"@id":"https:\/\/menschlichfuehren.com\/de\/#\/schema\/person\/5a8e57bc1795aa0e035190b4a9fb5968","name":"Peter Schmidt","image":{"@type":"ImageObject","inLanguage":"de","@id":"https:\/\/menschlichfuehren.com\/wp-content\/uploads\/2021\/11\/Peter-schmidt-fuehren-ist-menschlich-portrait-profilfoto.jpg","url":"https:\/\/menschlichfuehren.com\/wp-content\/uploads\/2021\/11\/Peter-schmidt-fuehren-ist-menschlich-portrait-profilfoto.jpg","contentUrl":"https:\/\/menschlichfuehren.com\/wp-content\/uploads\/2021\/11\/Peter-schmidt-fuehren-ist-menschlich-portrait-profilfoto.jpg","width":1000,"height":1000,"caption":"Peter Schmidt"},"logo":{"@id":"https:\/\/menschlichfuehren.com\/wp-content\/uploads\/2021\/11\/Peter-schmidt-fuehren-ist-menschlich-portrait-profilfoto.jpg"},"sameAs":["PeterS"]}]}},"_links":{"self":[{"href":"https:\/\/menschlichfuehren.com\/de\/wp-json\/wp\/v2\/pages\/4837","targetHints":{"allow":["GET"]}}],"collection":[{"href":"https:\/\/menschlichfuehren.com\/de\/wp-json\/wp\/v2\/pages"}],"about":[{"href":"https:\/\/menschlichfuehren.com\/de\/wp-json\/wp\/v2\/types\/page"}],"author":[{"embeddable":true,"href":"https:\/\/menschlichfuehren.com\/de\/wp-json\/wp\/v2\/users\/3"}],"replies":[{"embeddable":true,"href":"https:\/\/menschlichfuehren.com\/de\/wp-json\/wp\/v2\/comments?post=4837"}],"version-history":[{"count":10,"href":"https:\/\/menschlichfuehren.com\/de\/wp-json\/wp\/v2\/pages\/4837\/revisions"}],"predecessor-version":[{"id":5163,"href":"https:\/\/menschlichfuehren.com\/de\/wp-json\/wp\/v2\/pages\/4837\/revisions\/5163"}],"wp:attachment":[{"href":"https:\/\/menschlichfuehren.com\/de\/wp-json\/wp\/v2\/media?parent=4837"}],"curies":[{"name":"wp","href":"https:\/\/api.w.org\/{rel}","templated":true}]}}